{"id":70,"date":"2011-02-12T06:20:45","date_gmt":"2011-02-12T07:20:45","guid":{"rendered":"http:\/\/www.anatis.fr\/?page_id=70"},"modified":"2011-02-12T06:20:45","modified_gmt":"2011-02-12T07:20:45","slug":"nous-contacter","status":"publish","type":"page","link":"http:\/\/www.anatis.fr\/?page_id=70","title":{"rendered":"Nous contacter"},"content":{"rendered":"<p>Vous pouvez nous contacter par t\u00e9l\u00e9phone de 08h00 \u00e0 20h00 au :<\/p>\n<h2 style=\"text-align: center;\">04 82 53 30 20<\/h2>\n<p>ou par mail :<\/p>\n<h2 style=\"text-align: center;\"><a href=\"mailto:info@anatis.fr\">info@anatis.fr<\/a><\/h2>\n","protected":false},"excerpt":{"rendered":"<p>Vous pouvez nous contacter par t\u00e9l\u00e9phone de 08h00 \u00e0 20h00 au : 04 82 53 30 20 ou par mail : info@anatis.fr<\/p>\n","protected":false},"author":1,"featured_media":0,"parent":0,"menu_order":35,"comment_status":"closed","ping_status":"open","template":"page test.php","meta":[],"_links":{"self":[{"href":"http:\/\/www.anatis.fr\/index.php?rest_route=\/wp\/v2\/pages\/70"}],"collection":[{"href":"http:\/\/www.anatis.fr\/index.php?rest_route=\/wp\/v2\/pages"}],"about":[{"href":"http:\/\/www.anatis.fr\/index.php?rest_route=\/wp\/v2\/types\/page"}],"author":[{"embeddable":true,"href":"http:\/\/www.anatis.fr\/index.php?rest_route=\/wp\/v2\/users\/1"}],"replies":[{"embeddable":true,"href":"http:\/\/www.anatis.fr\/index.php?rest_route=%2Fwp%2Fv2%2Fcomments&post=70"}],"version-history":[{"count":9,"href":"http:\/\/www.anatis.fr\/index.php?rest_route=\/wp\/v2\/pages\/70\/revisions"}],"predecessor-version":[{"id":80,"href":"http:\/\/www.anatis.fr\/index.php?rest_route=\/wp\/v2\/pages\/70\/revisions\/80"}],"wp:attachment":[{"href":"http:\/\/www.anatis.fr\/index.php?rest_route=%2Fwp%2Fv2%2Fmedia&parent=70"}],"curies":[{"name":"wp","href":"https:\/\/api.w.org\/{rel}","templated":true}]}}