{"id":44,"date":"2011-01-11T09:42:18","date_gmt":"2011-01-11T10:42:18","guid":{"rendered":"http:\/\/www.anatis.fr\/?page_id=44"},"modified":"2011-02-03T17:11:39","modified_gmt":"2011-02-03T18:11:39","slug":"nos-tarifs","status":"publish","type":"page","link":"http:\/\/www.anatis.fr\/?page_id=44","title":{"rendered":"Nos tarifs"},"content":{"rendered":"<p>Afin de ne pas vous perdre dans une jungle de prix, nous avons d\u00e9fini une grille tarifaire claire et compr\u00e9hensible. Ce tarif est identique quelque soit la prestation: installation, formation ou assistance.<\/p>\n<p>La premi\u00e8re heure est indivisible et comprend le d\u00e9placement dans une zone de 10 kilom\u00e8tres autour de Gannat.<\/p>\n<table class=\"perso\">\n<tbody>\n<tr>\n<th>\n<h2>PRESTATION<\/h2>\n<\/th>\n<th>\n<h3>Avant r\u00e9duction d&rsquo;imp\u00f4ts<\/h3>\n<\/th>\n<th>\n<h3>Apr\u00e8s r\u00e9duction d&rsquo;imp\u00f4ts<\/h3>\n<\/th>\n<\/tr>\n<tr>\n<th>\n<h2>1 heure<\/h2>\n<\/th>\n<td align=\"CENTER\">\n<h3>46 \u20ac<\/h3>\n<\/td>\n<td align=\"CENTER\">\n<h3>23 \u20ac<\/h3>\n<\/td>\n<\/tr>\n<tr>\n<th>\n<h2>1\/4 heure suppl\u00e9mentaire<\/h2>\n<\/th>\n<td align=\"CENTER\">\n<h3>9 \u20ac<\/h3>\n<\/td>\n<td align=\"CENTER\">\n<h3>4,5 \u20ac<\/h3>\n<\/td>\n<\/tr>\n<\/tbody>\n<\/table>\n<p>Nous pouvons \u00e9galement intervenir dans une zone situ\u00e9e jusqu&rsquo;\u00e0 20 kilom\u00e8tres de Gannat moyennant un surcout de 10\u20ac par intervention.<\/p>\n","protected":false},"excerpt":{"rendered":"<p>Afin de ne pas vous perdre dans une jungle de prix, nous avons d\u00e9fini une grille tarifaire claire et compr\u00e9hensible. Ce tarif est identique quelque soit la prestation: installation, formation ou assistance. La premi\u00e8re heure est indivisible et comprend le &hellip; <a href=\"http:\/\/www.anatis.fr\/?page_id=44\">Continuer la lecture <span class=\"meta-nav\">&rarr;<\/span><\/a><\/p>\n","protected":false},"author":1,"featured_media":0,"parent":0,"menu_order":0,"comment_status":"closed","ping_status":"open","template":"page test.php","meta":[],"_links":{"self":[{"href":"http:\/\/www.anatis.fr\/index.php?rest_route=\/wp\/v2\/pages\/44"}],"collection":[{"href":"http:\/\/www.anatis.fr\/index.php?rest_route=\/wp\/v2\/pages"}],"about":[{"href":"http:\/\/www.anatis.fr\/index.php?rest_route=\/wp\/v2\/types\/page"}],"author":[{"embeddable":true,"href":"http:\/\/www.anatis.fr\/index.php?rest_route=\/wp\/v2\/users\/1"}],"replies":[{"embeddable":true,"href":"http:\/\/www.anatis.fr\/index.php?rest_route=%2Fwp%2Fv2%2Fcomments&post=44"}],"version-history":[{"count":20,"href":"http:\/\/www.anatis.fr\/index.php?rest_route=\/wp\/v2\/pages\/44\/revisions"}],"predecessor-version":[{"id":47,"href":"http:\/\/www.anatis.fr\/index.php?rest_route=\/wp\/v2\/pages\/44\/revisions\/47"}],"wp:attachment":[{"href":"http:\/\/www.anatis.fr\/index.php?rest_route=%2Fwp%2Fv2%2Fmedia&parent=44"}],"curies":[{"name":"wp","href":"https:\/\/api.w.org\/{rel}","templated":true}]}}