{"id":4,"date":"2011-01-10T16:57:06","date_gmt":"2011-01-10T16:57:06","guid":{"rendered":"http:\/\/www.anatis.fr\/?page_id=4"},"modified":"2011-01-11T07:56:47","modified_gmt":"2011-01-11T08:56:47","slug":"accueil","status":"publish","type":"page","link":"http:\/\/www.anatis.fr\/","title":{"rendered":"Accueil"},"content":{"rendered":"<p>L\u2019informatique et Internet vous d\u00e9passent ? Entre le fournisseur d\u2019acc\u00e8s  \u00e0 Internet qui reste injoignable et la box qui ne fonctionne pas  correctement, rester serein et concentr\u00e9 rel\u00e8ve de l\u2019impossible&#8230;\u00a0 A  moins de vous faire aider par un professionnel !<\/p>\n<p>Vous aviez achet\u00e9 un ordinateur pour vous simplifier la vie, et avoir  acc\u00e8s \u00e0 des services nouveaux. Mais les myst\u00e8res de l\u2019informatique  restent imp\u00e9n\u00e9trables, et la merveille technologique tourne au  cauchemar. Un sp\u00e9cialiste peut intervenir chez vous, et vous aider \u00e0  sortir du tunnel.<\/p>\n<h2>Aider la personne d\u2019abord<\/h2>\n<p>Il s\u2019agit d\u2019un service \u00e0 la personne :  l\u2019intervenant s\u2019adresse donc d\u2019abord \u00e0 vous, avant d\u2019intervenir sur une  machine. Concr\u00e8tement, il transmet un savoir-faire : il vous explique et  vous montre des proc\u00e9dures que vous comprenez, et que vous saurez  reproduire sans lui. S\u2019il ne s\u2019agit pas d\u2019une formation, c\u2019est au  minimum une initiation au fonctionnement d\u2019un ordinateur domestique.  L\u2019objectif est que vous soyez autonome dans l\u2019utilisation courante de  logiciels grand public.<\/p>\n<h2>Autres services<\/h2>\n<p>La prestation peut s\u2019\u00e9tendre \u00e9ventuellement aux services suppl\u00e9mentaires que sont :<\/p>\n<ul>\n<li>la livraison de mat\u00e9riel informatique ;<\/li>\n<li>l\u2019installation et la mise en \u0153uvre de mat\u00e9riels et logiciels ;<\/li>\n<li>la maintenance logicielle.<\/li>\n<\/ul>\n<h2>Les conditions<\/h2>\n<p>Cette prestation s\u2019effectue chez vous,  et jamais \u00e0 distance. Le d\u00e9pannage et l\u2019assistance, au t\u00e9l\u00e9phone ou en  ligne, ne sont pas des services \u00e0 la personne. Il en est de m\u00eame pour la  r\u00e9paration et la vente de mat\u00e9riel informatique, qui sont des activit\u00e9s  commerciales.<\/p>\n<p>L\u2019assistance doit concerner  l\u2019utilisation de l\u2019ordinateur et des appareils qui y sont \u00e9ventuellement  reli\u00e9s. Mais elle ne doit pas devenir une initiation au fonctionnement  des autres appareils num\u00e9riques (audio, photo ou vid\u00e9o).<\/p>\n<h2>Les avantages financiers<\/h2>\n<div>\n<div>R\u00e9duction ou cr\u00e9dit d&rsquo;imp\u00f4t de 50 % des sommes d\u00e9pens\u00e9es<\/div>\n<\/div>\n<ul>\n<li>Si vous \u00eates imposable, vous b\u00e9n\u00e9ficiez d\u2019une r\u00e9duction d\u2019imp\u00f4t  de 50 % des sommes vers\u00e9es pour les services \u00e0 la personne. Pour le  service d\u2019assistance informatique, vous pouvez d\u00e9duire jusqu\u2019\u00e0 500 \u20ac,  soit une d\u00e9pense r\u00e9elle de 1 000 \u20ac\/an maximum.<\/li>\n<li>Si vous n\u2019\u00eates pas imposable, vous pouvez b\u00e9n\u00e9ficier d\u2019un cr\u00e9dit d\u2019imp\u00f4t de 50 % des sommes vers\u00e9es en services \u00e0 la personne, si vous \u00eates une personne ou un m\u00e9nage actif.<\/li>\n<\/ul>\n","protected":false},"excerpt":{"rendered":"<p>L\u2019informatique et Internet vous d\u00e9passent ? Entre le fournisseur d\u2019acc\u00e8s \u00e0 Internet qui reste injoignable et la box qui ne fonctionne pas correctement, rester serein et concentr\u00e9 rel\u00e8ve de l\u2019impossible&#8230;\u00a0 A moins de vous faire aider par un professionnel ! &hellip; <a href=\"http:\/\/www.anatis.fr\/\">Continuer la lecture <span class=\"meta-nav\">&rarr;<\/span><\/a><\/p>\n","protected":false},"author":1,"featured_media":0,"parent":0,"menu_order":0,"comment_status":"closed","ping_status":"open","template":"page test.php","meta":[],"_links":{"self":[{"href":"http:\/\/www.anatis.fr\/index.php?rest_route=\/wp\/v2\/pages\/4"}],"collection":[{"href":"http:\/\/www.anatis.fr\/index.php?rest_route=\/wp\/v2\/pages"}],"about":[{"href":"http:\/\/www.anatis.fr\/index.php?rest_route=\/wp\/v2\/types\/page"}],"author":[{"embeddable":true,"href":"http:\/\/www.anatis.fr\/index.php?rest_route=\/wp\/v2\/users\/1"}],"replies":[{"embeddable":true,"href":"http:\/\/www.anatis.fr\/index.php?rest_route=%2Fwp%2Fv2%2Fcomments&post=4"}],"version-history":[{"count":12,"href":"http:\/\/www.anatis.fr\/index.php?rest_route=\/wp\/v2\/pages\/4\/revisions"}],"predecessor-version":[{"id":9,"href":"http:\/\/www.anatis.fr\/index.php?rest_route=\/wp\/v2\/pages\/4\/revisions\/9"}],"wp:attachment":[{"href":"http:\/\/www.anatis.fr\/index.php?rest_route=%2Fwp%2Fv2%2Fmedia&parent=4"}],"curies":[{"name":"wp","href":"https:\/\/api.w.org\/{rel}","templated":true}]}}