{"id":21,"date":"2011-01-10T22:11:49","date_gmt":"2011-01-10T23:11:49","guid":{"rendered":"http:\/\/www.anatis.fr\/?page_id=21"},"modified":"2011-02-17T16:26:28","modified_gmt":"2011-02-17T17:26:28","slug":"nos-services","status":"publish","type":"page","link":"http:\/\/www.anatis.fr\/?page_id=21","title":{"rendered":"Nos services"},"content":{"rendered":"<h2>Installation informatique \u00e0 domicile<\/h2>\n<p>Pour profiter pleinement de votre ordinateur, il est essentiel de pouvoir l&rsquo;installer dans les meilleures conditions d&rsquo;un point de vue technique mais aussi en termes de s\u00e9curit\u00e9, d&rsquo;ergonomie et de fonctionnalit\u00e9s. Nous vous proposons notamment les prestations suivantes \u00e0 votre domicile:<\/p>\n<ul>\n<li> Mise en route de votre ordinateur<\/li>\n<li>Installation de votre connexion internet<\/li>\n<li> S\u00e9curisation de votre ordinateur pour \u00e9viter les virus ou les logiciels espions<\/li>\n<li> Installation d&rsquo;un ou plusieurs p\u00e9riph\u00e9riques (imprimantes &#8230;)<\/li>\n<li> Vous guider dans les premiers pas.<\/li>\n<\/ul>\n<h2>Formation informatique \u00e0 domicile<\/h2>\n<p>Avoir un ordinateur en \u00e9tat de marche ne suffit pas si vous ne connaissez pas le fonctionnement des principaux logiciels. Nous pouvons vous initier \u00e0:<\/p>\n<ul>\n<li>La navigation sur internet<\/li>\n<li>L&rsquo;envoi et la r\u00e9ception de courriels (mails)<\/li>\n<li>L&rsquo;utilisation d&rsquo;une suite logicielle  (traitement de texte, tableur &#8230;)<\/li>\n<li>L&rsquo;utilisation de la plupart des logiciels courants (dessin, retouche photo&#8230; )<\/li>\n<li>La sauvegarde de vos donn\u00e9es (documents, photos de vacances &#8230;)<\/li>\n<\/ul>\n<h2>Assistance informatique \u00e0 domicile<\/h2>\n<p>Si vous \u00eates confront\u00e9 \u00e0 un probl\u00e8me lors de l&rsquo;utilisation de votre mat\u00e9riel, tel que ralentissement ou blocage de votre ordinateur, l&rsquo;assistance est l\u00e0 pour vous aider !<\/p>\n<ul>\n<li>Diagnostic et remise en route de votre connexion internet (filaire ou wifi)<\/li>\n<li>Suppression des virus et programmes espions<\/li>\n<li>&lsquo;Nettoyage&rsquo; et optimisation logicielle<\/li>\n<li>Restauration du syst\u00e8me d&rsquo;exploitation<\/li>\n<\/ul>\n","protected":false},"excerpt":{"rendered":"<p>Installation informatique \u00e0 domicile Pour profiter pleinement de votre ordinateur, il est essentiel de pouvoir l&rsquo;installer dans les meilleures conditions d&rsquo;un point de vue technique mais aussi en termes de s\u00e9curit\u00e9, d&rsquo;ergonomie et de fonctionnalit\u00e9s. Nous vous proposons notamment les &hellip; <a href=\"http:\/\/www.anatis.fr\/?page_id=21\">Continuer la lecture <span class=\"meta-nav\">&rarr;<\/span><\/a><\/p>\n","protected":false},"author":1,"featured_media":0,"parent":0,"menu_order":5,"comment_status":"closed","ping_status":"open","template":"page test.php","meta":[],"_links":{"self":[{"href":"http:\/\/www.anatis.fr\/index.php?rest_route=\/wp\/v2\/pages\/21"}],"collection":[{"href":"http:\/\/www.anatis.fr\/index.php?rest_route=\/wp\/v2\/pages"}],"about":[{"href":"http:\/\/www.anatis.fr\/index.php?rest_route=\/wp\/v2\/types\/page"}],"author":[{"embeddable":true,"href":"http:\/\/www.anatis.fr\/index.php?rest_route=\/wp\/v2\/users\/1"}],"replies":[{"embeddable":true,"href":"http:\/\/www.anatis.fr\/index.php?rest_route=%2Fwp%2Fv2%2Fcomments&post=21"}],"version-history":[{"count":13,"href":"http:\/\/www.anatis.fr\/index.php?rest_route=\/wp\/v2\/pages\/21\/revisions"}],"predecessor-version":[{"id":83,"href":"http:\/\/www.anatis.fr\/index.php?rest_route=\/wp\/v2\/pages\/21\/revisions\/83"}],"wp:attachment":[{"href":"http:\/\/www.anatis.fr\/index.php?rest_route=%2Fwp%2Fv2%2Fmedia&parent=21"}],"curies":[{"name":"wp","href":"https:\/\/api.w.org\/{rel}","templated":true}]}}